{"id":22,"date":"2023-08-17T17:10:47","date_gmt":"2023-08-17T15:10:47","guid":{"rendered":"https:\/\/www.antoniofesta.xyz\/?page_id=22"},"modified":"2025-12-04T13:03:12","modified_gmt":"2025-12-04T12:03:12","slug":"about","status":"publish","type":"page","link":"https:\/\/www.antoniofesta.xyz\/de\/about\/","title":{"rendered":"info"},"content":{"rendered":"","protected":false},"excerpt":{"rendered":"","protected":false},"author":1,"featured_media":0,"parent":0,"menu_order":3,"comment_status":"closed","ping_status":"closed","template":"","meta":[],"class_list":["post-22","page","type-page","status-publish","hentry"],"grid":"{\r\n  \"colCount\": 12,\r\n  \"colGutter\": 1,\r\n  \"rowGutters\": [],\r\n  \"frameMargin\": 5,\r\n  \"leftFrameMargin\": 3,\r\n  \"rightFrameMargin\": 3,\r\n  \"topFrameMargin\": 5,\r\n  \"mus\": {\r\n    \"colGutterMu\": \"%\",\r\n    \"rowGutterMu\": \"%\",\r\n    \"topFrameMu\": \"%\",\r\n    \"bottomFrameMu\": \"%\",\r\n    \"frameMu\": \"%\"\r\n  },\r\n  \"bottomFrameMargin\": 5,\r\n  \"rowAttrs\": [\r\n    {\r\n      \"relid\": 1\r\n    }\r\n  ],\r\n  \"bgColor\": \"#514747\",\r\n  \"bgImage\": null,\r\n  \"cont\": [\r\n    {\r\n      \"type\": \"text\",\r\n      \"cont\": \"<p><span style=\\\"color: #ffffff;\\\">Ich bin ein italienischer Architekt mit Sitz in Berlin, mit beruflichen Wurzeln in Kalabrien, Venedig und Lissabon. Im Laufe der Jahre arbeitete ich mit verschiedenen Architekturb\u00fcros zusammen und sammelte umfassende Erfahrung in allen Leistungsphasen. 2025 leitete ich einen Design-Workshop an der \u00c9cole nationale d\u2019architecture Paris\u2013Val de Seine, begleitet von einem Vortrag zum Sozialwohnungsbau in Berlin.<\/span><\/p><p><span style=\\\"color: #ffffff;\\\">Im Zentrum meiner Arbeit steht die physische und emotionale Umgebung, in der wir leben. Ich entwerfe R\u00e4ume, die die Freude am sinnlichen Umgang mit Form und Material ernst nehmen \u2013 Architektur, die ber\u00fchrt, im Ged\u00e4chtnis bleibt und den Alltag der Menschen verbessert. Sch\u00f6nheit ist dabei Leitmotiv und Ma\u00dfstab: Sie entsteht aus klarer Struktur, sorgf\u00e4ltiger Materialwahl und einem respektvollen Umgang mit Ort, Menschen und Ressourcen.<\/span><\/p><p><span style=\\\"color: #ffffff;\\\">Mit rund f\u00fcnfzehn Jahren Erfahrung in Planung und Realisierung von Projekten \u2013 insbesondere im Sozialwohnungsbau sowie in Architektur f\u00fcr Gemeinschaft und Nachtleben \u2013 begleite ich Bauherr:innen vom ersten Gespr\u00e4ch bis zur Fertigstellung. Gemeinsam mit einem eingespielten Netzwerk von Fachplaner:innen entwickle ich vom Umbau einzelner Wohnungen bis zu gr\u00f6\u00dferen, komplexen Projekten pr\u00e4zise, konstruktiv klare und nachhaltige L\u00f6sungen \u2013 mit dem Anspruch, Architektur zu schaffen, die fachlich solide, verantwortungsvoll und emotional wirksam ist.<\/span><\/p><p><span style=\\\"color: #ffffff;\\\">Ich bin Mitglied der Architektenkammer Berlin und arbeite sowohl in Deutschland als auch international als freier Architekt.<\/span><\/p>\",\r\n      \"align\": \"top\",\r\n      \"row\": 0,\r\n      \"col\": 0,\r\n      \"colspan\": 12,\r\n      \"offsetx\": 0,\r\n      \"offsety\": 0,\r\n      \"spaceabove\": 0,\r\n      \"spacebelow\": 0,\r\n      \"yvel\": 1,\r\n      \"push\": 0,\r\n      \"relid\": 2,\r\n      \"absolute_position\": false,\r\n      \"dosync\": false,\r\n      \"textAnimation\": {\r\n        \"enableTextAnimation\": false\r\n      }\r\n    }\r\n  ]\r\n}","phonegrid":"{\r\n  \"colCount\": 12,\r\n  \"colGutter\": 1,\r\n  \"rowGutters\": [],\r\n  \"frameMargin\": 5,\r\n  \"leftFrameMargin\": \"3\",\r\n  \"rightFrameMargin\": \"3\",\r\n  \"topFrameMargin\": \"5\",\r\n  \"mus\": {\r\n    \"colGutterMu\": \"%\",\r\n    \"rowGutterMu\": \"%\",\r\n    \"topFrameMu\": \"%\",\r\n    \"bottomFrameMu\": \"%\",\r\n    \"frameMu\": \"%\"\r\n  },\r\n  \"bottomFrameMargin\": \"5\",\r\n  \"rowAttrs\": [\r\n    {\r\n      \"relid\": 1\r\n    }\r\n  ],\r\n  \"bgColor\": \"#514747\",\r\n  \"bgImage\": null,\r\n  \"cont\": [\r\n    {\r\n      \"type\": \"text\",\r\n      \"cont\": \"<p><span>Ich bin ein italienischer Architekt mit Sitz in Berlin, mit beruflichen Wurzeln in Kalabrien, Venedig und Lissabon. Im Laufe der Jahre arbeitete ich mit verschiedenen Architekturb\u00fcros zusammen und sammelte umfassende Erfahrung in allen Leistungsphasen. 2025 leitete ich einen Design-Workshop an der \u00c9cole nationale d\u2019architecture Paris\u2013Val de Seine, begleitet von einem Vortrag zum Sozialwohnungsbau in Berlin.<\/span><\/p><p><span>Im Zentrum meiner Arbeit steht die physische und emotionale Umgebung, in der wir leben. Ich entwerfe R\u00e4ume, die die Freude am sinnlichen Umgang mit Form und Material ernst nehmen \u2013 Architektur, die ber\u00fchrt, im Ged\u00e4chtnis bleibt und den Alltag der Menschen verbessert. Sch\u00f6nheit ist dabei Leitmotiv und Ma\u00dfstab: Sie entsteht aus klarer Struktur, sorgf\u00e4ltiger Materialwahl und einem respektvollen Umgang mit Ort, Menschen und Ressourcen.<\/span><\/p><p><span>Mit rund f\u00fcnfzehn Jahren Erfahrung in Planung und Realisierung von Projekten \u2013 insbesondere im Sozialwohnungsbau sowie in Architektur f\u00fcr Gemeinschaft und Nachtleben \u2013 begleite ich Bauherr:innen vom ersten Gespr\u00e4ch bis zur Fertigstellung. Gemeinsam mit einem eingespielten Netzwerk von Fachplaner:innen entwickle ich vom Umbau einzelner Wohnungen bis zu gr\u00f6\u00dferen, komplexen Projekten pr\u00e4zise, konstruktiv klare und nachhaltige L\u00f6sungen \u2013 mit dem Anspruch, Architektur zu schaffen, die fachlich solide, verantwortungsvoll und emotional wirksam ist.<\/span><\/p><p><span>Ich bin Mitglied der Architektenkammer Berlin und arbeite sowohl in Deutschland als auch international als freier Architekt.<\/span><\/p>\",\r\n      \"align\": \"top\",\r\n      \"row\": 0,\r\n      \"col\": 0,\r\n      \"colspan\": 12,\r\n      \"offsetx\": 0,\r\n      \"offsety\": 0,\r\n      \"spaceabove\": 0,\r\n      \"spacebelow\": 0,\r\n      \"yvel\": 1,\r\n      \"push\": 0,\r\n      \"relid\": 2,\r\n      \"absolute_position\": false,\r\n      \"dosync\": false,\r\n      \"textAnimation\": {\r\n        \"enableTextAnimation\": false\r\n      }\r\n    }\r\n  ]\r\n}","_links":{"self":[{"href":"https:\/\/www.antoniofesta.xyz\/de\/wp-json\/wp\/v2\/pages\/22","targetHints":{"allow":["GET"]}}],"collection":[{"href":"https:\/\/www.antoniofesta.xyz\/de\/wp-json\/wp\/v2\/pages"}],"about":[{"href":"https:\/\/www.antoniofesta.xyz\/de\/wp-json\/wp\/v2\/types\/page"}],"author":[{"embeddable":true,"href":"https:\/\/www.antoniofesta.xyz\/de\/wp-json\/wp\/v2\/users\/1"}],"replies":[{"embeddable":true,"href":"https:\/\/www.antoniofesta.xyz\/de\/wp-json\/wp\/v2\/comments?post=22"}],"version-history":[{"count":0,"href":"https:\/\/www.antoniofesta.xyz\/de\/wp-json\/wp\/v2\/pages\/22\/revisions"}],"wp:attachment":[{"href":"https:\/\/www.antoniofesta.xyz\/de\/wp-json\/wp\/v2\/media?parent=22"}],"curies":[{"name":"wp","href":"https:\/\/api.w.org\/{rel}","templated":true}]}}